{"id":11,"date":"2025-05-29T04:36:44","date_gmt":"2025-05-29T02:36:44","guid":{"rendered":"https:\/\/rewoox.es\/en\/consumer\/"},"modified":"2025-06-02T09:04:41","modified_gmt":"2025-06-02T07:04:41","slug":"consumer","status":"publish","type":"page","link":"https:\/\/rewoox.es\/en\/consumer\/","title":{"rendered":"Consumer"},"content":{"rendered":"<div class=\"gb-container gb-container-7d517572\">\n\n<figure class=\"gb-block-image gb-block-image-521363b5\"><img decoding=\"async\" class=\"gb-image gb-image-521363b5\" src=\"https:\/\/rewoox.es\/wp-content\/uploads\/2025\/05\/CONSUMER_-copia-2.jpg\" alt=\"\" title=\"CONSUMER_ copia 2\"\/><\/figure>\n\n<\/div>\n\n<div class=\"gb-container gb-container-9413f045\">\n\n<h2 class=\"gb-text gb-text-08e3b10c\">THE BIG BANGS OF SHOPPING<\/h2>\n\n\n<div class=\"gb-grid-wrapper gb-grid-wrapper-df3306c2\">\n<div class=\"gb-grid-column gb-grid-column-fe36dd17\"><div class=\"gb-container gb-container-fe36dd17\">\n\n<figure class=\"gb-block-image gb-block-image-95e30517\"><img decoding=\"async\" class=\"gb-image gb-image-95e30517\" src=\"https:\/\/rewoox.es\/wp-content\/uploads\/2025\/05\/REWOOX-CONSUMER-1.jpg\" alt=\"\" title=\"REWOOX CONSUMER\"\/><\/figure>\n\n<\/div><\/div>\n\n<div class=\"gb-grid-column gb-grid-column-f1ad293a\"><div class=\"gb-container gb-container-f1ad293a\">\n\n<p><\/p>\n\n\n\n<p style=\"text-transform:capitalize\">In the retail world, <strong>connecting with consumers is more crucial than ever.<\/strong> At Rewoox Consumer, we&#8217;re revolutionizing the shopping experience with <strong>Augmented Reality (AR) and Virtual Reality (VR) solutions<\/strong>, creating a new universe of interaction between brands and customers.<\/p>\n\n\n\n<p>Imagine a space where consumers can <strong>explore products in an immersive and personalized way<\/strong>, discovering every detail like never before. We transform every purchase into a surprising, exciting, and unique experience.<\/p>\n\n\n\n<p class=\"has-medium-font-size\"><strong>Welcome to the new era of retail.<\/strong><\/p>\n\n\n<div class=\"gb-container gb-container-69dbfaff\">\n\n<p class=\"has-text-align-center no-margin has-text-color has-link-color has-medium-font-size wp-elements-cd2a0579ac3c051285247da04becd09a\" style=\"color:#b1284c\"><strong><strong>Connect with your customers like never before.<\/strong> <strong>Let&#8217;s talk.<\/strong><\/strong><\/p>\n\n\n\n<div class=\"rewoox-svg-container rewoox-svg--align-center\" style=\"text-align: center;\">\n\t<svg viewBox=\"0 0 113 59\"\n\t\txmlns=\"http:\/\/www.w3.org\/2000\/svg\"\n\t\txmlns:xlink=\"http:\/\/www.w3.org\/1999\/xlink\"\n\t\twidth=\"100px\"\n\t\theight=\"auto\"\n\t\tstyle=\"max-width:100%;cursor:pointer;\"\n\t\tclass=\"rewoox-svg rewoox-svg--mailto\"\n\t\trole=\"button\"\n\t\taria-label=\"+ info\">\n\t\t<defs>\n\t\t\t<style>\n\t\t\t\t.rewoox-path { fill: #b1284c; transition: fill 0.3s ease; }\n\t\t\t\t.rewoox-text {\n\t\t\t\t\tfont-size: 24px;\n\t\t\t\t\tfont-weight: 600;\n\t\t\t\t\tfill: #ffffff;\n\t\t\t\t\tdominant-baseline: middle;\n\t\t\t\t\ttext-anchor: middle;\n\t\t\t\t\tfont-family: -apple-system, BlinkMacSystemFont, \"Segoe UI\", Roboto, sans-serif;\n\t\t\t\t\ttransition: fill 0.3s ease;\n\t\t\t\t}\n\t\t\t\t.rewoox-svg a, .rewoox-svg a:hover .rewoox-svg a:focus { text-decoration: none; }\n\t\t\t\t.rewoox-svg:hover .rewoox-path { opacity: 0.8; } .rewoox-svg:hover .rewoox-text { opacity: 0.9; }\n\t\t\t<\/style>\n\t\t<\/defs>\n\t\t<a xlink:href=\"mailto:info@rewoox.es\" target=\"_blank\" rel=\"noopener noreferrer\">\n\t\t\t<g>\n\t\t\t\t<path class=\"rewoox-path\" d=\"M85,0.2c-0.2,0-0.4,0-0.6,0s-0.3,0-0.5,0s-0.3,0-0.5,0C78.6,0.2,74,1.4,70,3.4c-0.2,0.1-0.3,0.2-0.5,0.3c0,0-0.1,0-0.1,0.1c-2.7,1.4-4.8,3-6.7,4.4c-2.8,2.1-4.5,3.2-6.2,3.2l0,0c-1.9,0-4.1-1.6-6.8-3.5c-1.4-1-3.1-2.2-4.9-3.3c-2.2-1.4-4.7-2.5-7.2-3.2c-0.1,0-0.2-0.1-0.3-0.1c-0.3-0.1-0.6-0.2-1-0.3c-0.1,0-0.3-0.1-0.6-0.1c-0.2,0-0.4-0.1-0.7-0.1c-0.3-0.1-0.6-0.1-0.9-0.2c-0.2,0-0.4-0.1-0.6-0.1c-0.3,0-0.6-0.1-0.9-0.1c-0.3,0-0.5,0-0.8-0.1c-0.3,0-0.5,0-0.8-0.1c-0.5,0-1.1,0-1.6,0c-16,0-29.2,13.1-29.2,29.3s13.1,29.3,29.3,29.3c0.5,0,1.1,0,1.6,0c0.3,0,0.5,0,0.8-0.1c0.3,0,0.5,0,0.8-0.1c0.3,0,0.6-0.1,0.9-0.1c0.2,0,0.4-0.1,0.6-0.1c0.3,0,0.6-0.1,0.9-0.2c0.2,0,0.5-0.1,0.7-0.1s0.5-0.1,0.7-0.2c0.3-0.1,0.7-0.2,1-0.3c0.1,0,0.2-0.1,0.3-0.1c2.6-0.7,5-1.8,7.2-3.2c1.8-1.1,3.5-2.2,4.9-3.3c2.7-2,4.9-3.5,6.8-3.5c1.7,0,3.4,1.2,6.2,3.2c1.9,1.4,4,3,6.7,4.4c0,0,0.1,0,0.1,0.1c0.2,0.1,0.3,0.2,0.5,0.3c4,2.1,8.6,3.2,13.4,3.2c0.2,0,0.3,0,0.5,0s0.3,0,0.5,0s0.4,0,0.6,0c15.4-0.8,27.7-13.6,27.7-29.3C112.8,13.9,100.5,1.1,85,0.2\"\/>\n\t\t\t<\/g>\n\t\t\t<text x=\"50%\" y=\"50%\" class=\"rewoox-text\">+ info<\/text>\n\t\t<\/a>\n\t<\/svg>\n<\/div>\n\n<\/div>\n<\/div><\/div>\n<\/div>\n<\/div>\n\n<div class=\"gb-container gb-container-970a27c7\" id=\"immersive-shopping\">\n\n<h2 class=\"gb-text gb-text-63212433\">IMMERSIVE SHOPPING<\/h2>\n\n\n<div class=\"gb-grid-wrapper gb-grid-wrapper-cd1b911a\">\n<div class=\"gb-grid-column gb-grid-column-1f933076\"><div class=\"gb-container gb-container-1f933076\">\n<div class=\"gb-container gb-container-74ca67a6\">\n<div class=\"gb-container gb-container-e1052365\">\n\n<p class=\"has-text-align-left has-text-color has-link-color has-medium-font-size wp-elements-f223302db68a515c36adb1c2c23a1c0c\" style=\"color:#b1284c\"><strong><strong>REDEFINE THE FUTURE OF YOUR SALES WITH VR AND AIENTAS CON VR E IA<\/strong><\/strong><\/p>\n\n<\/div>\n<\/div>\n\n\n<p class=\"has-text-align-left\">Immersive shopping through <strong>Virtual Reality (VR)<\/strong> and <strong>Artificial Intelligence (AI)<\/strong> transforms the buying experience by offering more personalized and dynamic interaction.<\/p>\n\n\n\n<p class=\"has-text-align-left\">Consumers can explore products realistically and in detail from the comfort of their home, which facilitates informed decision-making. In addition, the integration of <strong>AI enables personalized recommendations<\/strong> based on individual preferences, optimizing product search. This approach not only improves customer satisfaction but also accelerates the purchasing process, providing a smoother and more efficient experience. At Rewoox, as <strong>The Big Bangs Creators<\/strong>, we offer you the latest technology for a unique and revolutionary shopping experience.<\/p>\n\n\n<div class=\"gb-container gb-container-99c8283c\">\n\n<p class=\"has-text-align-center no-margin has-text-color has-link-color has-medium-font-size wp-elements-7f85ce781199473993c55145bc6c5b80\" style=\"color:#b1284c\"><strong>Transform your business with immersive shopping today!<\/strong><\/p>\n\n\n\n<div class=\"rewoox-svg-container rewoox-svg--align-center\" style=\"text-align: center;\">\n\t<svg viewBox=\"0 0 113 59\"\n\t\txmlns=\"http:\/\/www.w3.org\/2000\/svg\"\n\t\txmlns:xlink=\"http:\/\/www.w3.org\/1999\/xlink\"\n\t\twidth=\"100px\"\n\t\theight=\"auto\"\n\t\tstyle=\"max-width:100%;cursor:pointer;\"\n\t\tclass=\"rewoox-svg rewoox-svg--mailto\"\n\t\trole=\"button\"\n\t\taria-label=\"+ info\">\n\t\t<defs>\n\t\t\t<style>\n\t\t\t\t.rewoox-path { fill: #b1284c; transition: fill 0.3s ease; }\n\t\t\t\t.rewoox-text {\n\t\t\t\t\tfont-size: 24px;\n\t\t\t\t\tfont-weight: 600;\n\t\t\t\t\tfill: #ffffff;\n\t\t\t\t\tdominant-baseline: middle;\n\t\t\t\t\ttext-anchor: middle;\n\t\t\t\t\tfont-family: -apple-system, BlinkMacSystemFont, \"Segoe UI\", Roboto, sans-serif;\n\t\t\t\t\ttransition: fill 0.3s ease;\n\t\t\t\t}\n\t\t\t\t.rewoox-svg a, .rewoox-svg a:hover .rewoox-svg a:focus { text-decoration: none; }\n\t\t\t\t.rewoox-svg:hover .rewoox-path { opacity: 0.8; } .rewoox-svg:hover .rewoox-text { opacity: 0.9; }\n\t\t\t<\/style>\n\t\t<\/defs>\n\t\t<a xlink:href=\"mailto:info@rewoox.es\" target=\"_blank\" rel=\"noopener noreferrer\">\n\t\t\t<g>\n\t\t\t\t<path class=\"rewoox-path\" d=\"M85,0.2c-0.2,0-0.4,0-0.6,0s-0.3,0-0.5,0s-0.3,0-0.5,0C78.6,0.2,74,1.4,70,3.4c-0.2,0.1-0.3,0.2-0.5,0.3c0,0-0.1,0-0.1,0.1c-2.7,1.4-4.8,3-6.7,4.4c-2.8,2.1-4.5,3.2-6.2,3.2l0,0c-1.9,0-4.1-1.6-6.8-3.5c-1.4-1-3.1-2.2-4.9-3.3c-2.2-1.4-4.7-2.5-7.2-3.2c-0.1,0-0.2-0.1-0.3-0.1c-0.3-0.1-0.6-0.2-1-0.3c-0.1,0-0.3-0.1-0.6-0.1c-0.2,0-0.4-0.1-0.7-0.1c-0.3-0.1-0.6-0.1-0.9-0.2c-0.2,0-0.4-0.1-0.6-0.1c-0.3,0-0.6-0.1-0.9-0.1c-0.3,0-0.5,0-0.8-0.1c-0.3,0-0.5,0-0.8-0.1c-0.5,0-1.1,0-1.6,0c-16,0-29.2,13.1-29.2,29.3s13.1,29.3,29.3,29.3c0.5,0,1.1,0,1.6,0c0.3,0,0.5,0,0.8-0.1c0.3,0,0.5,0,0.8-0.1c0.3,0,0.6-0.1,0.9-0.1c0.2,0,0.4-0.1,0.6-0.1c0.3,0,0.6-0.1,0.9-0.2c0.2,0,0.5-0.1,0.7-0.1s0.5-0.1,0.7-0.2c0.3-0.1,0.7-0.2,1-0.3c0.1,0,0.2-0.1,0.3-0.1c2.6-0.7,5-1.8,7.2-3.2c1.8-1.1,3.5-2.2,4.9-3.3c2.7-2,4.9-3.5,6.8-3.5c1.7,0,3.4,1.2,6.2,3.2c1.9,1.4,4,3,6.7,4.4c0,0,0.1,0,0.1,0.1c0.2,0.1,0.3,0.2,0.5,0.3c4,2.1,8.6,3.2,13.4,3.2c0.2,0,0.3,0,0.5,0s0.3,0,0.5,0s0.4,0,0.6,0c15.4-0.8,27.7-13.6,27.7-29.3C112.8,13.9,100.5,1.1,85,0.2\"\/>\n\t\t\t<\/g>\n\t\t\t<text x=\"50%\" y=\"50%\" class=\"rewoox-text\">+ info<\/text>\n\t\t<\/a>\n\t<\/svg>\n<\/div>\n\n<\/div>\n<\/div><\/div>\n\n<div class=\"gb-grid-column gb-grid-column-360ea9dd\"><div class=\"gb-container gb-container-360ea9dd\">\n\n<figure class=\"gb-block-image gb-block-image-d217b462\"><img decoding=\"async\" class=\"gb-image gb-image-d217b462\" src=\"https:\/\/rewoox.es\/wp-content\/uploads\/2025\/05\/Compra-inmersiva-e1747902006358.png\" alt=\"\" title=\"Compra inmersiva\"\/><\/figure>\n\n<\/div><\/div>\n<\/div>\n<\/div>\n\n<div class=\"gb-container gb-container-c5894441\" id=\"virtual-assistants\">\n\n<h2 class=\"gb-text gb-text-19b444fa\">VIRTUAL ASSISTANTS<\/h2>\n\n\n<div class=\"gb-grid-wrapper gb-grid-wrapper-4721d7ee\">\n<div class=\"gb-grid-column gb-grid-column-c498d35b\"><div class=\"gb-container gb-container-c498d35b\">\n\n<figure class=\"gb-block-image gb-block-image-1c6bc7e5\"><img decoding=\"async\" class=\"gb-image gb-image-1c6bc7e5\" src=\"https:\/\/rewoox.es\/wp-content\/uploads\/2025\/05\/Asistente-Virtual.jpeg\" alt=\"\" title=\"Asistente Virtual\"\/><\/figure>\n\n<\/div><\/div>\n\n<div class=\"gb-grid-column gb-grid-column-83650aa6\"><div class=\"gb-container gb-container-83650aa6\">\n\n<p><\/p>\n\n\n\n<p class=\"has-text-color has-link-color wp-elements-047c3f5db75d229ae9c12a0de5fd7582\" style=\"color:#b1284c\"><strong>BOOST YOUR SALES AND STRATEGY WITH INTELLIGENT DATA ANALYSIS<\/strong><\/p>\n\n\n\n<p>At Rewoox, our <strong>AI-powered virtual sales assistants<\/strong> don&#8217;t just improve the customer experience; they also become an <strong>invaluable source of information for your business<\/strong>. Every interaction, every question, and every user query is meticulously stored on a centralized platform.<\/p>\n\n\n\n<p class=\"has-text-align-center no-margin has-text-color has-link-color has-medium-font-size wp-elements-5456878b6d7329370b297dda7ac035f0\" style=\"color:#b1284c\"><strong>The power of data analysis at your fingertips:<\/strong><\/p>\n\n\n\n<p class=\"has-text-align-left\"><strong>Understand needs:<\/strong> We store every interaction to identify problems and desired products. <br><strong>Optimize your offering:<\/strong> Discover search trends and the customer journey to enhance your strategy. <br><strong>Identify weak points:<\/strong> Pinpoint areas where students struggle for more effective teaching. <br><strong>Tailored reports:<\/strong> Generate personalized reports with intuitive data visualization<\/p>\n\n\n\n<p class=\"has-text-align-center\"><\/p>\n\n\n<div class=\"gb-container gb-container-12a6e095\">\n\n<p class=\"has-text-align-center no-margin has-text-color has-link-color has-medium-font-size wp-elements-03a9a6d4a7b6d487ca403cb134c6451c\" style=\"color:#b1284c\"><strong>Transforma la atenci\u00f3n al cliente en informaci\u00f3n<br>estrat\u00e9gica para potenciar tus ventas.<\/strong><\/p>\n\n<\/div>\n<\/div><\/div>\n<\/div>\n<\/div>\n\n<div class=\"gb-container gb-container-72e5799c\" id=\"showroom\">\n\n<h2 class=\"gb-text gb-text-d7273ccc\">SHOWROOM<\/h2>\n\n\n<div class=\"gb-grid-wrapper gb-grid-wrapper-3784ef02\">\n<div class=\"gb-grid-column gb-grid-column-356659bd\"><div class=\"gb-container gb-container-356659bd\">\n<div class=\"gb-container gb-container-4040b595\">\n<div class=\"gb-container gb-container-5f8fd1f9\">\n\n<p><\/p>\n\n\n\n<p class=\"has-text-align-left has-text-color has-link-color has-medium-font-size wp-elements-89332fc5785fbc1811946bdfb0fb6610\" style=\"color:#b1284c\"><strong>EL BIG BANGS DE LAS VENTAS CON REWOOX CONSUMER<\/strong><\/p>\n\n<\/div>\n<\/div>\n\n\n<p class=\"has-text-align-left\"><strong>Your multi-user virtual space to <strong>connect and sell without limits.<\/strong> <\/strong><\/p>\n\n\n\n<p class=\"has-text-align-left\"><strong>Discover a world of possibilities.<\/strong><\/p>\n\n\n\n<p class=\"has-text-align-left\"><strong>Limitless Showrooms:<\/strong> Clients explore products remotely with real-time sales assistance. <br><strong>Impactful Remote Events:<\/strong> Host presentations, webinars, and meetings in dynamic virtual settings. <br><strong>Remote &amp; Personalized Sales Assistance:<\/strong> Your team virtually guides users, answering questions and highlighting features. <br><strong>Integrated AI:<\/strong> Advanced AI in virtual spaces allows voice-controlled 3D interaction and instant answers, even without a live agent.<br> <strong>Smart Analytics for Improvement:<\/strong> Interactions are logged for optimizing presentations and understanding customers. <br><strong>Full Customization:<\/strong> Tailor the virtual experience to your brand and event needs.<\/p>\n\n<\/div><\/div>\n\n<div class=\"gb-grid-column gb-grid-column-2be0986e\"><div class=\"gb-container gb-container-2be0986e\">\n\n<figure class=\"gb-block-image gb-block-image-c8b60672\"><img decoding=\"async\" class=\"gb-image gb-image-c8b60672\" src=\"https:\/\/rewoox.es\/wp-content\/uploads\/2025\/05\/Showroom.png\" alt=\"\" title=\"Showroom\"\/><\/figure>\n\n<\/div><\/div>\n<\/div>\n<\/div>\n\n<div class=\"gb-container gb-container-30600b11\" id=\"engagement\">\n\n<h2 class=\"gb-text gb-text-0f9f2e06\">ENGAGEMENT<\/h2>\n\n\n\n<p class=\"has-text-color has-link-color wp-elements-07b64cade4c9d45f2f37ad0dceff294e\" style=\"color:#b1284c\"><strong>DEEPEN CUSTOMER CONNECTION AND EXPERIENCE<\/strong><\/p>\n\n\n\n<p>At Rewoox Consumer, we don&#8217;t just change how products are discovered; we also transform how brands <strong>connect and build lasting relationships<\/strong> with their customers. Using <strong>Augmented Reality (AR) and Virtual Reality (VR)<\/strong>, we create engaging experiences that go beyond simple transactions, fostering active and emotional participation with your brand.<\/p>\n\n\n\n<p class=\"has-text-align-center has-text-color has-link-color has-large-font-size wp-elements-55bb03bd00c3653a7d11ab365a7b6b3f\" style=\"color:#b1284c\"><strong>IMAGINE YOUR CUSTOMERS:<\/strong><\/p>\n\n\n<div class=\"gb-container gb-container-04b0d6f6 gb-accordion\">\n<div class=\"gb-container gb-container-352453ce gb-accordion__item\" data-transition=\"slide\">\n\n<button class=\"gb-button gb-button-ad4af77e gb-accordion__toggle\" id=\"gb-accordion-toggle-ad4af77e\"><span class=\"gb-button-text\"><strong>INTERACTING DIRECTLY WITH YOUR PRODUCTS IN THEIR OWN SPACE<\/strong><\/span><span class=\"gb-icon\"><svg xmlns=\"http:\/\/www.w3.org\/2000\/svg\" viewBox=\"0 0 448 512\" width=\"1em\" height=\"1em\" aria-hidden=\"true\" role=\"img\" class=\"gb-accordion__icon\"><path d=\"M207.029 381.476L12.686 187.132c-9.373-9.373-9.373-24.569 0-33.941l22.667-22.667c9.357-9.357 24.522-9.375 33.901-.04L224 284.505l154.745-154.021c9.379-9.335 24.544-9.317 33.901.04l22.667 22.667c9.373 9.373 9.373 24.569 0 33.941L240.971 381.476c-9.373 9.372-24.569 9.372-33.942 0z\" fill=\"currentColor\"><\/path><\/svg><svg xmlns=\"http:\/\/www.w3.org\/2000\/svg\" viewBox=\"0 0 448 512\" width=\"1em\" height=\"1em\" aria-hidden=\"true\" role=\"img\" class=\"gb-accordion__icon-open\"><path d=\"M240.971 130.524l194.343 194.343c9.373 9.373 9.373 24.569 0 33.941l-22.667 22.667c-9.357 9.357-24.522 9.375-33.901.04L224 227.495 69.255 381.516c-9.379 9.335-24.544 9.317-33.901-.04l-22.667-22.667c-9.373-9.373-9.373-24.569 0-33.941L207.03 130.525c9.372-9.373 24.568-9.373 33.941-.001z\" fill=\"currentColor\"><\/path><\/svg><\/span><\/button>\n\n\n<div id=\"gb-accordion-content-0abd0908\" class=\"gb-accordion__content\"><div class=\"gb-container gb-container-0abd0908\">\n\n<p>Thanks to AR, they can visualize how a piece of furniture would fit in their living room or how an item of clothing would look on them, experiencing them tangibly before purchase.<\/p>\n\n<\/div><\/div>\n<\/div>\n\n<div class=\"gb-container gb-container-749fe7ef gb-accordion__item\" data-transition=\"slide\">\n\n<button class=\"gb-button gb-button-a9ed5a33 gb-accordion__toggle\" id=\"gb-accordion-toggle-a9ed5a33\"><span class=\"gb-button-text\"><strong>IMMERSING THEMSELVES IN BRAND VIRTUAL WORLDS<\/strong><\/span><span class=\"gb-icon\"><svg xmlns=\"http:\/\/www.w3.org\/2000\/svg\" viewBox=\"0 0 448 512\" width=\"1em\" height=\"1em\" aria-hidden=\"true\" role=\"img\" class=\"gb-accordion__icon\"><path d=\"M207.029 381.476L12.686 187.132c-9.373-9.373-9.373-24.569 0-33.941l22.667-22.667c9.357-9.357 24.522-9.375 33.901-.04L224 284.505l154.745-154.021c9.379-9.335 24.544-9.317 33.901.04l22.667 22.667c9.373 9.373 9.373 24.569 0 33.941L240.971 381.476c-9.373 9.372-24.569 9.372-33.942 0z\" fill=\"currentColor\"><\/path><\/svg><svg xmlns=\"http:\/\/www.w3.org\/2000\/svg\" viewBox=\"0 0 448 512\" width=\"1em\" height=\"1em\" aria-hidden=\"true\" role=\"img\" class=\"gb-accordion__icon-open\"><path d=\"M240.971 130.524l194.343 194.343c9.373 9.373 9.373 24.569 0 33.941l-22.667 22.667c-9.357 9.357-24.522 9.375-33.901.04L224 227.495 69.255 381.516c-9.379 9.335-24.544 9.317-33.901-.04l-22.667-22.667c-9.373-9.373-9.373-24.569 0-33.941L207.03 130.525c9.372-9.373 24.568-9.373 33.941-.001z\" fill=\"currentColor\"><\/path><\/svg><\/span><\/button>\n\n\n<div id=\"gb-accordion-content-e1bfe98f\" class=\"gb-accordion__content\"><div class=\"gb-container gb-container-e1bfe98f\">\n\n<p>With VR, they can visit virtual showrooms, attend exclusive launch events, or even participate in immersive narrative experiences that convey the essence and values of your brand in an unforgettable way.<\/p>\n\n<\/div><\/div>\n<\/div>\n\n<div class=\"gb-container gb-container-d7ba15ad gb-accordion__item\" data-transition=\"slide\">\n\n<button class=\"gb-button gb-button-7ae2ddd3 gb-accordion__toggle\" id=\"gb-accordion-toggle-7ae2ddd3\"><span class=\"gb-button-text\"><strong>ACTIVELY PERSONALIZING THEIR SHOPPING EXPERIENCE<\/strong><\/span><span class=\"gb-icon\"><svg xmlns=\"http:\/\/www.w3.org\/2000\/svg\" viewBox=\"0 0 448 512\" width=\"1em\" height=\"1em\" aria-hidden=\"true\" role=\"img\" class=\"gb-accordion__icon\"><path d=\"M207.029 381.476L12.686 187.132c-9.373-9.373-9.373-24.569 0-33.941l22.667-22.667c9.357-9.357 24.522-9.375 33.901-.04L224 284.505l154.745-154.021c9.379-9.335 24.544-9.317 33.901.04l22.667 22.667c9.373 9.373 9.373 24.569 0 33.941L240.971 381.476c-9.373 9.372-24.569 9.372-33.942 0z\" fill=\"currentColor\"><\/path><\/svg><svg xmlns=\"http:\/\/www.w3.org\/2000\/svg\" viewBox=\"0 0 448 512\" width=\"1em\" height=\"1em\" aria-hidden=\"true\" role=\"img\" class=\"gb-accordion__icon-open\"><path d=\"M240.971 130.524l194.343 194.343c9.373 9.373 9.373 24.569 0 33.941l-22.667 22.667c-9.357 9.357-24.522 9.375-33.901.04L224 227.495 69.255 381.516c-9.379 9.335-24.544 9.317-33.901-.04l-22.667-22.667c-9.373-9.373-9.373-24.569 0-33.941L207.03 130.525c9.372-9.373 24.568-9.373 33.941-.001z\" fill=\"currentColor\"><\/path><\/svg><\/span><\/button>\n\n\n<div id=\"gb-accordion-content-1b24e074\" class=\"gb-accordion__content\"><div class=\"gb-container gb-container-1b24e074\">\n\n<p>AR and VR open new avenues for <strong>interactive personalization<\/strong>, allowing customers to configure products to their liking and visualize the results in real time, increasing their involvement in the process.<\/p>\n\n<\/div><\/div>\n<\/div>\n\n<div class=\"gb-container gb-container-021ed758 gb-accordion__item\" data-transition=\"slide\">\n\n<button class=\"gb-button gb-button-60d52150 gb-accordion__toggle\" id=\"gb-accordion-toggle-60d52150\"><span class=\"gb-button-text\"><strong>SHARING THEIR UNIQUE EXPERIENCES<\/strong><\/span><span class=\"gb-icon\"><svg xmlns=\"http:\/\/www.w3.org\/2000\/svg\" viewBox=\"0 0 448 512\" width=\"1em\" height=\"1em\" aria-hidden=\"true\" role=\"img\" class=\"gb-accordion__icon\"><path d=\"M207.029 381.476L12.686 187.132c-9.373-9.373-9.373-24.569 0-33.941l22.667-22.667c9.357-9.357 24.522-9.375 33.901-.04L224 284.505l154.745-154.021c9.379-9.335 24.544-9.317 33.901.04l22.667 22.667c9.373 9.373 9.373 24.569 0 33.941L240.971 381.476c-9.373 9.372-24.569 9.372-33.942 0z\" fill=\"currentColor\"><\/path><\/svg><svg xmlns=\"http:\/\/www.w3.org\/2000\/svg\" viewBox=\"0 0 448 512\" width=\"1em\" height=\"1em\" aria-hidden=\"true\" role=\"img\" class=\"gb-accordion__icon-open\"><path d=\"M240.971 130.524l194.343 194.343c9.373 9.373 9.373 24.569 0 33.941l-22.667 22.667c-9.357 9.357-24.522 9.375-33.901.04L224 227.495 69.255 381.516c-9.379 9.335-24.544 9.317-33.901-.04l-22.667-22.667c-9.373-9.373-9.373-24.569 0-33.941L207.03 130.525c9.372-9.373 24.568-9.373 33.941-.001z\" fill=\"currentColor\"><\/path><\/svg><\/span><\/button>\n\n\n<div id=\"gb-accordion-content-4dc235bf\" class=\"gb-accordion__content\"><div class=\"gb-container gb-container-4dc235bf\">\n\n<p>Memorable interactions generated by AR and VR are inherently shareable, turning your customers into brand ambassadors and organically amplifying your reach.<\/p>\n\n\n\n<p><\/p>\n\n<\/div><\/div>\n<\/div>\n<\/div>\n<\/div>","protected":false},"excerpt":{"rendered":"<p>THE BIG BANGS OF SHOPPING IMMERSIVE SHOPPING VIRTUAL ASSISTANTS SHOWROOM ENGAGEMENT DEEPEN CUSTOMER CONNECTION AND EXPERIENCE At Rewoox Consumer, we don&#8217;t just change how products are discovered; we also transform how brands connect and build lasting relationships with their customers. Using Augmented Reality (AR) and Virtual Reality (VR), we create engaging experiences that go beyond &#8230; <a title=\"Consumer\" class=\"read-more\" href=\"https:\/\/rewoox.es\/en\/consumer\/\" aria-label=\"Read more about Consumer\">Read more<\/a><\/p>\n","protected":false},"author":4,"featured_media":0,"parent":0,"menu_order":0,"comment_status":"closed","ping_status":"closed","template":"","meta":{"inline_featured_image":false,"editor_notices":[],"footnotes":""},"class_list":["post-11","page","type-page","status-publish"],"_links":{"self":[{"href":"https:\/\/rewoox.es\/en\/wp-json\/wp\/v2\/pages\/11","targetHints":{"allow":["GET"]}}],"collection":[{"href":"https:\/\/rewoox.es\/en\/wp-json\/wp\/v2\/pages"}],"about":[{"href":"https:\/\/rewoox.es\/en\/wp-json\/wp\/v2\/types\/page"}],"author":[{"embeddable":true,"href":"https:\/\/rewoox.es\/en\/wp-json\/wp\/v2\/users\/4"}],"replies":[{"embeddable":true,"href":"https:\/\/rewoox.es\/en\/wp-json\/wp\/v2\/comments?post=11"}],"version-history":[{"count":12,"href":"https:\/\/rewoox.es\/en\/wp-json\/wp\/v2\/pages\/11\/revisions"}],"predecessor-version":[{"id":358,"href":"https:\/\/rewoox.es\/en\/wp-json\/wp\/v2\/pages\/11\/revisions\/358"}],"wp:attachment":[{"href":"https:\/\/rewoox.es\/en\/wp-json\/wp\/v2\/media?parent=11"}],"curies":[{"name":"wp","href":"https:\/\/api.w.org\/{rel}","templated":true}]}}